{"id":37,"date":"2022-06-27T08:42:31","date_gmt":"2022-06-27T08:42:31","guid":{"rendered":"https:\/\/huevoslagallinuca.com\/?page_id=37"},"modified":"2022-08-02T11:20:36","modified_gmt":"2022-08-02T11:20:36","slug":"37-2","status":"publish","type":"page","link":"https:\/\/huevoslagallinuca.com\/index.php\/37-2\/","title":{"rendered":"Instalaciones"},"content":{"rendered":"<p>[et_pb_section fb_built=&#8221;1&#8243; custom_padding_last_edited=&#8221;on|phone&#8221; _builder_version=&#8221;4.16&#8243; _module_preset=&#8221;default&#8221; use_background_color_gradient=&#8221;on&#8221; background_color_gradient_start=&#8221;rgba(29,38,0,0.85)&#8221; background_color_gradient_end=&#8221;rgba(0,0,0,0)&#8221; background_color_gradient_direction=&#8221;45deg&#8221; background_color_gradient_overlays_image=&#8221;on&#8221; background_image=&#8221;http:\/\/huevoslagallinuca.com\/wp-content\/uploads\/2022\/06\/LAGALLINUCA4.jpg&#8221; custom_margin=&#8221;||||true&#8221; custom_padding=&#8221;7vw||5vw||false|false&#8221; custom_padding_tablet=&#8221;&#8221; custom_padding_phone=&#8221;10vw||||false|false&#8221; locked=&#8221;off&#8221; global_colors_info=&#8221;{}&#8221;][et_pb_row _builder_version=&#8221;4.16&#8243; _module_preset=&#8221;default&#8221; width_tablet=&#8221;&#8221; width_phone=&#8221;90%&#8221; width_last_edited=&#8221;on|phone&#8221; max_width_tablet=&#8221;&#8221; max_width_phone=&#8221;2560%&#8221; max_width_last_edited=&#8221;on|phone&#8221; animation_style=&#8221;fade&#8221; animation_duration=&#8221;1350ms&#8221; global_colors_info=&#8221;{}&#8221;][et_pb_column type=&#8221;4_4&#8243; _builder_version=&#8221;4.16&#8243; _module_preset=&#8221;default&#8221; global_colors_info=&#8221;{}&#8221;][et_pb_text _builder_version=&#8221;4.16&#8243; _module_preset=&#8221;default&#8221; header_font=&#8221;Cormorant Infant|700|||||||&#8221; header_text_align=&#8221;center&#8221; header_text_color=&#8221;#FFFFFF&#8221; header_font_size=&#8221;65px&#8221; custom_margin=&#8221;||10px||false|false&#8221; custom_padding=&#8221;||0px||false|false&#8221; header_font_size_tablet=&#8221;&#8221; header_font_size_phone=&#8221;47px&#8221; header_font_size_last_edited=&#8221;on|phone&#8221; global_colors_info=&#8221;{}&#8221;]<\/p>\n<h1>NUESTRA GRANJA<\/h1>\n<p>[\/et_pb_text][et_pb_text _builder_version=&#8221;4.16&#8243; _module_preset=&#8221;default&#8221; text_font=&#8221;Poppins|300|||||||&#8221; text_text_color=&#8221;#FFFFFF&#8221; text_font_size=&#8221;23px&#8221; text_letter_spacing=&#8221;1px&#8221; text_line_height=&#8221;1.3em&#8221; text_orientation=&#8221;center&#8221; custom_margin=&#8221;|30px||30px|false|true&#8221; text_font_size_tablet=&#8221;&#8221; text_font_size_phone=&#8221;18px&#8221; text_font_size_last_edited=&#8221;on|phone&#8221; text_letter_spacing_tablet=&#8221;&#8221; text_letter_spacing_phone=&#8221;&#8221; text_letter_spacing_last_edited=&#8221;on|phone&#8221; global_colors_info=&#8221;{}&#8221;]<\/p>\n<p><span>Inovamos continuamente nuestras instalaciones para adaptarnos a las nuevas notmativas para que nuestro producto cumpla siempre con tus espectativas:<\/span><\/p>\n<p><strong> Calidad, sabor y natural.<\/strong><\/p>\n<p>[\/et_pb_text][\/et_pb_column][\/et_pb_row][\/et_pb_section][et_pb_section fb_built=&#8221;1&#8243; admin_label=&#8221;About&#8221; _builder_version=&#8221;4.16&#8243; background_image=&#8221;http:\/\/huevoslagallinuca.com\/wp-content\/uploads\/2022\/06\/gardener-03.png&#8221; background_size=&#8221;initial&#8221; background_position=&#8221;top_left&#8221; custom_padding=&#8221;70px||0px|||&#8221; locked=&#8221;off&#8221; global_colors_info=&#8221;{}&#8221;][et_pb_row column_structure=&#8221;1_2,1_2&#8243; _builder_version=&#8221;4.16&#8243; max_width=&#8221;1319px&#8221; custom_margin=&#8221;24px|auto||auto||&#8221; custom_padding=&#8221;23px|0px|0px|0px|false|false&#8221; locked=&#8221;off&#8221; global_colors_info=&#8221;{}&#8221;][et_pb_column type=&#8221;1_2&#8243; _builder_version=&#8221;4.16&#8243; custom_padding=&#8221;|||&#8221; global_colors_info=&#8221;{}&#8221; custom_padding__hover=&#8221;|||&#8221;][et_pb_text _builder_version=&#8221;4.16&#8243; text_font=&#8221;Poppins|300|||||||&#8221; text_text_color=&#8221;#000000&#8243; text_font_size=&#8221;16px&#8221; text_line_height=&#8221;2.2em&#8221; header_font=&#8221;||||||||&#8221; header_3_font=&#8221;Cormorant Infant|700||on|||||&#8221; header_3_text_align=&#8221;left&#8221; header_3_text_color=&#8221;#000000&#8243; header_3_font_size=&#8221;31px&#8221; header_3_line_height=&#8221;1.3em&#8221; text_orientation=&#8221;justified&#8221; text_font_size_tablet=&#8221;&#8221; text_font_size_phone=&#8221;14px&#8221; text_font_size_last_edited=&#8221;on|phone&#8221; header_3_font_size_tablet=&#8221;&#8221; header_3_font_size_phone=&#8221;27px&#8221; header_3_font_size_last_edited=&#8221;on|phone&#8221; locked=&#8221;off&#8221; global_colors_info=&#8221;{}&#8221;]<\/p>\n<h3>En HUEVOS LA GALLINUCA nos preocupamos por el bienestar de nuestras gallinas.<\/h3>\n<p>Huevos la Gallinuca S.L es una empresa de nueva creaci\u00f3n, con gente joven a la cabeza y respaldada con personal experto con a\u00f1os de experiencia en el sector av\u00edcola.<\/p>\n<p>Se cre\u00f3 porque nos preocupamos por la salud. El mundo est\u00e1 repleto de productos qu\u00edmicos, nosotros queremos productos sanos, productos de casa. Productos que no tengan en sus etiquetas millones de componentes que no entendemos. Un huevo que ponen nuestras gallinas, es un huevo sano, rico en nutrientes. Un huevo puesto por gallinas criadas en libertad, sin jaulas. Gallinas que entran y salen cuando quieren. Gallinas que no sufren estr\u00e9s.<\/p>\n<p>[\/et_pb_text][\/et_pb_column][et_pb_column type=&#8221;1_2&#8243; _builder_version=&#8221;4.16&#8243; custom_padding=&#8221;|||&#8221; global_colors_info=&#8221;{}&#8221; custom_padding__hover=&#8221;|||&#8221;][et_pb_image src=&#8221;http:\/\/huevoslagallinuca.com\/wp-content\/uploads\/2022\/06\/LAGALLINUCA19.jpg&#8221; title_text=&#8221;LAGALLINUCA(19)&#8221; align_tablet=&#8221;center&#8221; align_phone=&#8221;&#8221; align_last_edited=&#8221;on|desktop&#8221; _builder_version=&#8221;4.16&#8243; custom_margin=&#8221;||0px|&#8221; animation_style=&#8221;slide&#8221; animation_direction=&#8221;top&#8221; animation_intensity_slide=&#8221;2%&#8221; global_colors_info=&#8221;{}&#8221;][\/et_pb_image][et_pb_image src=&#8221;http:\/\/huevoslagallinuca.com\/wp-content\/uploads\/2022\/06\/gardener-01.png&#8221; align=&#8221;center&#8221; _builder_version=&#8221;4.16&#8243; use_background_color_gradient=&#8221;on&#8221; background_color_gradient_start=&#8221;#556e00&#8243; background_color_gradient_end=&#8221;#8db700&#8243; background_color_gradient_direction=&#8221;135deg&#8221; max_width=&#8221;146px&#8221; module_alignment=&#8221;right&#8221; always_center_on_mobile=&#8221;off&#8221; locked=&#8221;off&#8221; global_colors_info=&#8221;{}&#8221;][\/et_pb_image][\/et_pb_column][\/et_pb_row][\/et_pb_section][et_pb_section fb_built=&#8221;1&#8243; admin_label=&#8221;Feature&#8221; _builder_version=&#8221;4.16&#8243; custom_padding=&#8221;0px||8px|||&#8221; locked=&#8221;off&#8221; global_colors_info=&#8221;{}&#8221;][et_pb_row column_structure=&#8221;2_3,1_3&#8243; custom_padding_last_edited=&#8221;on|phone&#8221; _builder_version=&#8221;4.16&#8243; background_image=&#8221;http:\/\/huevoslagallinuca.com\/wp-content\/uploads\/2022\/06\/LAGALLINUCA15.jpg&#8221; background_size=&#8221;initial&#8221; background_position=&#8221;top_right&#8221; max_width=&#8221;1234px&#8221; custom_margin=&#8221;|auto|61px|auto||&#8221; custom_margin_tablet=&#8221;||0px|&#8221; custom_margin_phone=&#8221;&#8221; custom_margin_last_edited=&#8221;on|tablet&#8221; custom_padding=&#8221;12vw|0px|0|0px|false|false&#8221; custom_padding_tablet=&#8221;&#8221; custom_padding_phone=&#8221;0vw||||false|false&#8221; locked=&#8221;off&#8221; global_colors_info=&#8221;{}&#8221;][et_pb_column type=&#8221;2_3&#8243; _builder_version=&#8221;4.16&#8243; custom_padding=&#8221;|||&#8221; global_colors_info=&#8221;{}&#8221; custom_padding__hover=&#8221;|||&#8221;][et_pb_text _builder_version=&#8221;4.16&#8243; text_font=&#8221;Poppins|300|||||||&#8221; text_text_color=&#8221;#000000&#8243; text_font_size=&#8221;15px&#8221; text_line_height=&#8221;2em&#8221; header_font=&#8221;||||||||&#8221; header_4_font=&#8221;Cormorant Infant|600|||||||&#8221; header_4_font_size=&#8221;30px&#8221; header_4_line_height=&#8221;1.2em&#8221; background_color=&#8221;#ffffff&#8221; max_width_tablet=&#8221;90%&#8221; max_width_phone=&#8221;100%&#8221; max_width_last_edited=&#8221;off|desktop&#8221; module_alignment=&#8221;right&#8221; custom_margin=&#8221;|||&#8221; custom_padding=&#8221;45px|56px|45px|0px|true|false&#8221; custom_padding_tablet=&#8221;&#8221; custom_padding_phone=&#8221;45px|56px|30px|0px|false|false&#8221; custom_padding_last_edited=&#8221;on|phone&#8221; animation_style=&#8221;zoom&#8221; animation_direction=&#8221;bottom&#8221; animation_starting_opacity=&#8221;100%&#8221; header_4_font_size_tablet=&#8221;&#8221; header_4_font_size_phone=&#8221;30px&#8221; header_4_font_size_last_edited=&#8221;on|phone&#8221; locked=&#8221;off&#8221; global_colors_info=&#8221;{}&#8221;]<\/p>\n<h4><span>&#8220;El huevo es uno de los alimentos m\u00e1s ricos, b\u00e1sico en una buena alimentaci\u00f3n, con un alto contenido de nutrientes.&#8221;<\/span><\/h4>\n<p>Adem\u00e1s se puede preparar de mil y una maneras. Pero no todos los huevos son iguales, es la forma de criar de las gallinas la que determina qu\u00e9 tipo de huevo es.<\/p>\n<p>[\/et_pb_text][\/et_pb_column][et_pb_column type=&#8221;1_3&#8243; _builder_version=&#8221;4.16&#8243; custom_padding=&#8221;|||&#8221; global_colors_info=&#8221;{}&#8221; custom_padding__hover=&#8221;|||&#8221;][\/et_pb_column][\/et_pb_row][\/et_pb_section][et_pb_section fb_built=&#8221;1&#8243; custom_padding_last_edited=&#8221;on|phone&#8221; _builder_version=&#8221;4.16&#8243; background_enable_color=&#8221;off&#8221; custom_padding=&#8221;28px|0px|0px|0px|false|false&#8221; custom_padding_tablet=&#8221;&#8221; custom_padding_phone=&#8221;0px|0px|0px|0px|false|false&#8221; locked=&#8221;off&#8221; global_colors_info=&#8221;{}&#8221;][et_pb_row use_custom_gutter=&#8221;on&#8221; gutter_width=&#8221;1&#8243; module_class=&#8221; et_pb_row_fullwidth&#8221; _builder_version=&#8221;4.16&#8243; width=&#8221;100%&#8221; width_tablet=&#8221;100%&#8221; width_phone=&#8221;&#8221; width_last_edited=&#8221;on|desktop&#8221; max_width=&#8221;100%&#8221; max_width_tablet=&#8221;100%&#8221; max_width_phone=&#8221;&#8221; max_width_last_edited=&#8221;on|desktop&#8221; custom_margin=&#8221;13px|auto||auto||&#8221; custom_padding=&#8221;0|0px|0|0px|true|false&#8221; make_fullwidth=&#8221;on&#8221; global_colors_info=&#8221;{}&#8221;][et_pb_column type=&#8221;4_4&#8243; _builder_version=&#8221;4.16&#8243; custom_padding=&#8221;|||&#8221; global_colors_info=&#8221;{}&#8221; custom_padding__hover=&#8221;|||&#8221;][et_pb_image src=&#8221;http:\/\/huevoslagallinuca.com\/wp-content\/uploads\/2022\/06\/asker22.png&#8221; force_fullwidth=&#8221;on&#8221; align_tablet=&#8221;center&#8221; align_phone=&#8221;&#8221; align_last_edited=&#8221;on|desktop&#8221; _builder_version=&#8221;4.16&#8243; min_height=&#8221;86.6px&#8221; global_colors_info=&#8221;{}&#8221;][\/et_pb_image][\/et_pb_column][\/et_pb_row][\/et_pb_section][et_pb_section fb_built=&#8221;1&#8243; specialty=&#8221;on&#8221; custom_padding_last_edited=&#8221;on|phone&#8221; padding_1_tablet=&#8221;|10%||10%||true&#8221; admin_label=&#8221;Footer&#8221; _builder_version=&#8221;4.16&#8243; use_background_color_gradient=&#8221;on&#8221; background_color_gradient_start=&#8221;#604933&#8243; background_color_gradient_end=&#8221;rgba(96,73,51,0.62)&#8221; background_color_gradient_direction=&#8221;178deg&#8221; background_color_gradient_start_position=&#8221;9%&#8221; background_color_gradient_overlays_image=&#8221;on&#8221; background_image=&#8221;http:\/\/huevoslagallinuca.com\/wp-content\/uploads\/2022\/06\/LAGALLINUCA9.jpg&#8221; custom_padding=&#8221;88px|0px|89px|0px|false|false&#8221; custom_padding_tablet=&#8221;&#8221; custom_padding_phone=&#8221;50px||70px||false|false&#8221; saved_tabs=&#8221;all&#8221; locked=&#8221;off&#8221; global_colors_info=&#8221;{}&#8221;][et_pb_column type=&#8221;1_2&#8243; specialty_columns=&#8221;2&#8243; _builder_version=&#8221;4.16&#8243; custom_padding=&#8221;|||&#8221; global_colors_info=&#8221;{}&#8221; padding_tablet=&#8221;|10%||10%||true&#8221; custom_padding__hover=&#8221;|||&#8221;][et_pb_row_inner padding_top_bottom_link_2=&#8221;true&#8221; padding_left_right_link_2=&#8221;true&#8221; _builder_version=&#8221;4.16&#8243; background_color=&#8221;#ffffff&#8221; width_tablet=&#8221;&#8221; width_phone=&#8221;100%&#8221; width_last_edited=&#8221;on|phone&#8221; max_width_tablet=&#8221;&#8221; max_width_phone=&#8221;100%&#8221; max_width_last_edited=&#8221;on|phone&#8221; custom_padding=&#8221;|30px||30px|false|true&#8221; global_colors_info=&#8221;{}&#8221;][et_pb_column_inner saved_specialty_column_type=&#8221;1_2&#8243; _builder_version=&#8221;4.16&#8243; custom_padding=&#8221;|||&#8221; global_colors_info=&#8221;{}&#8221; custom_padding__hover=&#8221;|||&#8221;][et_pb_text disabled_on=&#8221;off|off|on&#8221; _builder_version=&#8221;4.16&#8243; text_font=&#8221;||||||||&#8221; text_font_size=&#8221;16px&#8221; text_line_height=&#8221;2em&#8221; header_2_font=&#8221;Poppins|300|||||||&#8221; header_2_text_color=&#8221;#000000&#8243; header_2_font_size=&#8221;41px&#8221; header_2_line_height=&#8221;1.2em&#8221; background_layout=&#8221;dark&#8221; custom_margin=&#8221;-18px|||||&#8221; custom_margin_tablet=&#8221;&#8221; custom_margin_phone=&#8221;0px||||false|false&#8221; custom_margin_last_edited=&#8221;on|phone&#8221; header_2_font_size_tablet=&#8221;42px&#8221; header_2_font_size_phone=&#8221;18px&#8221; header_2_font_size_last_edited=&#8221;on|desktop&#8221; header_2_line_height_tablet=&#8221;&#8221; header_2_line_height_phone=&#8221;1.3em&#8221; header_2_line_height_last_edited=&#8221;on|phone&#8221; locked=&#8221;off&#8221; global_colors_info=&#8221;{}&#8221;]<\/p>\n<h2><strong>Con a\u00f1os de experiencia,<\/strong> continuamos nuestra producci\u00f3n de huevos con pasos seguros.<\/h2>\n<p>[\/et_pb_text][et_pb_text _builder_version=&#8221;4.16&#8243; text_font=&#8221;||||||||&#8221; header_font=&#8221;||||||||&#8221; header_4_font=&#8221;|700||on|||||&#8221; header_4_text_color=&#8221;#000000&#8243; header_4_font_size=&#8221;14px&#8221; header_4_letter_spacing=&#8221;1px&#8221; header_4_line_height=&#8221;1.5em&#8221; global_colors_info=&#8221;{}&#8221;]<\/p>\n<h4>Contacto<\/h4>\n<p>[\/et_pb_text][et_pb_blurb title=&#8221;+34 656 77 28 82&#8243; use_icon=&#8221;on&#8221; font_icon=&#8221;&#xe090;||divi||400&#8243; icon_placement=&#8221;left&#8221; image_icon_width=&#8221;20px&#8221; _builder_version=&#8221;4.14.2&#8243; header_font=&#8221;|700||on|||||&#8221; header_text_color=&#8221;#1d2600&#8243; header_font_size=&#8221;15px&#8221; header_letter_spacing=&#8221;2px&#8221; header_line_height=&#8221;1.8em&#8221; background_layout=&#8221;dark&#8221; custom_margin=&#8221;20px|||&#8221; animation=&#8221;off&#8221; hover_enabled=&#8221;0&#8243; header_font_size_tablet=&#8221;&#8221; header_font_size_phone=&#8221;&#8221; header_font_size_last_edited=&#8221;on|phone&#8221; icon_font_size=&#8221;20px&#8221; global_colors_info=&#8221;{}&#8221; sticky_enabled=&#8221;0&#8243;][\/et_pb_blurb][et_pb_blurb title=&#8221;huevoslagallinuca@gmail.com&#8221; use_icon=&#8221;on&#8221; font_icon=&#8221;&#xe076;||divi||400&#8243; icon_placement=&#8221;left&#8221; image_icon_width=&#8221;20px&#8221; _builder_version=&#8221;4.16&#8243; header_font=&#8221;|700|||||||&#8221; header_text_color=&#8221;#1d2600&#8243; header_font_size=&#8221;11px&#8221; header_letter_spacing=&#8221;2px&#8221; header_line_height=&#8221;1.8em&#8221; background_layout=&#8221;dark&#8221; custom_margin=&#8221;20px|||&#8221; animation=&#8221;off&#8221; header_font_size_tablet=&#8221;&#8221; header_font_size_phone=&#8221;12px&#8221; header_font_size_last_edited=&#8221;on|phone&#8221; header_letter_spacing_tablet=&#8221;&#8221; header_letter_spacing_phone=&#8221;1px&#8221; header_letter_spacing_last_edited=&#8221;on|phone&#8221; icon_font_size=&#8221;20px&#8221; global_colors_info=&#8221;{}&#8221;][\/et_pb_blurb][et_pb_blurb title=&#8221;Barrio Ontanilla 18 B, Ag\u00fcero, Marina de Cudeyo &#8211; 39719 Cantabria&#8221; use_icon=&#8221;on&#8221; font_icon=&#8221;&#xe081;||divi||400&#8243; icon_placement=&#8221;left&#8221; image_icon_width=&#8221;20px&#8221; _builder_version=&#8221;4.16&#8243; header_font=&#8221;|700||on|||||&#8221; header_text_color=&#8221;#1d2600&#8243; header_font_size=&#8221;11px&#8221; header_letter_spacing=&#8221;2px&#8221; header_line_height=&#8221;1.8em&#8221; background_layout=&#8221;dark&#8221; custom_margin=&#8221;20px|||&#8221; animation=&#8221;off&#8221; header_font_size_tablet=&#8221;&#8221; header_font_size_phone=&#8221;12px&#8221; header_font_size_last_edited=&#8221;on|phone&#8221; header_letter_spacing_tablet=&#8221;&#8221; header_letter_spacing_phone=&#8221;1px&#8221; header_letter_spacing_last_edited=&#8221;on|phone&#8221; icon_font_size=&#8221;20px&#8221; global_colors_info=&#8221;{}&#8221;][\/et_pb_blurb][\/et_pb_column_inner][\/et_pb_row_inner][et_pb_row_inner _builder_version=&#8221;4.16&#8243; custom_padding=&#8221;0||||false|false&#8221; global_colors_info=&#8221;{}&#8221;][et_pb_column_inner saved_specialty_column_type=&#8221;1_2&#8243; _builder_version=&#8221;4.16&#8243; custom_padding=&#8221;|||&#8221; global_colors_info=&#8221;{}&#8221; custom_padding__hover=&#8221;|||&#8221;][et_pb_button button_url=&#8221;https:\/\/huevoslagallinuca.com\/contacto\/&#8221; button_text=&#8221;ENVIAR MENSAJE&#8221; button_alignment=&#8221;right&#8221; _builder_version=&#8221;4.16&#8243; custom_button=&#8221;on&#8221; button_text_size=&#8221;16px&#8221; button_bg_color=&#8221;#7dc600&#8243; button_border_width=&#8221;0px&#8221; button_border_radius=&#8221;0px&#8221; button_letter_spacing=&#8221;2px&#8221; button_font=&#8221;|700||on|||||&#8221; button_icon=&#8221;&#x24;||divi||400&#8243; background_layout=&#8221;dark&#8221; custom_margin=&#8221;|||&#8221; custom_padding=&#8221;16px|40px|16px|40px|true|true&#8221; animation_style=&#8221;fold&#8221; animation_direction=&#8221;top&#8221; locked=&#8221;off&#8221; global_colors_info=&#8221;{}&#8221; button_text_size__hover_enabled=&#8221;off&#8221; button_one_text_size__hover_enabled=&#8221;off&#8221; button_two_text_size__hover_enabled=&#8221;off&#8221; button_text_color__hover_enabled=&#8221;off&#8221; button_one_text_color__hover_enabled=&#8221;off&#8221; button_two_text_color__hover_enabled=&#8221;off&#8221; button_border_width__hover_enabled=&#8221;off&#8221; button_one_border_width__hover_enabled=&#8221;off&#8221; button_two_border_width__hover_enabled=&#8221;off&#8221; button_border_color__hover_enabled=&#8221;off&#8221; button_one_border_color__hover_enabled=&#8221;off&#8221; button_two_border_color__hover_enabled=&#8221;off&#8221; button_border_radius__hover_enabled=&#8221;off&#8221; button_one_border_radius__hover_enabled=&#8221;off&#8221; button_two_border_radius__hover_enabled=&#8221;off&#8221; button_letter_spacing__hover_enabled=&#8221;off&#8221; button_one_letter_spacing__hover_enabled=&#8221;off&#8221; button_two_letter_spacing__hover_enabled=&#8221;off&#8221; button_bg_color__hover_enabled=&#8221;off&#8221; button_one_bg_color__hover_enabled=&#8221;off&#8221; button_two_bg_color__hover_enabled=&#8221;off&#8221;][\/et_pb_button][\/et_pb_column_inner][\/et_pb_row_inner][\/et_pb_column][et_pb_column type=&#8221;1_2&#8243; _builder_version=&#8221;4.16&#8243; custom_padding=&#8221;|||&#8221; global_colors_info=&#8221;{}&#8221; custom_padding__hover=&#8221;|||&#8221;][et_pb_text disabled_on=&#8221;on|on|off&#8221; _builder_version=&#8221;4.16&#8243; text_font=&#8221;||||||||&#8221; text_font_size=&#8221;16px&#8221; text_line_height=&#8221;2em&#8221; header_2_font=&#8221;Poppins|300|||||||&#8221; header_2_font_size=&#8221;41px&#8221; header_2_line_height=&#8221;1.2em&#8221; background_layout=&#8221;dark&#8221; custom_margin=&#8221;-18px|||||&#8221; header_2_font_size_tablet=&#8221;42px&#8221; header_2_font_size_phone=&#8221;20px&#8221; header_2_font_size_last_edited=&#8221;on|desktop&#8221; locked=&#8221;off&#8221; global_colors_info=&#8221;{}&#8221;]<\/p>\n<h2><strong>Con a\u00f1os de experiencia,<\/strong> continuamos nuestra producci\u00f3n de huevos con pasos seguros.<\/h2>\n<p>[\/et_pb_text][\/et_pb_column][\/et_pb_section]<\/p>\n","protected":false},"excerpt":{"rendered":"<p>NUESTRA GRANJAInovamos continuamente nuestras instalaciones para adaptarnos a las nuevas notmativas para que nuestro producto cumpla siempre con tus espectativas: Calidad, sabor y natural.En HUEVOS LA GALLINUCA nos preocupamos por el bienestar de nuestras gallinas. Huevos la Gallinuca S.L es una empresa de nueva creaci\u00f3n, con gente joven a la cabeza y respaldada con personal [&hellip;]<\/p>\n","protected":false},"author":1,"featured_media":0,"parent":0,"menu_order":0,"comment_status":"closed","ping_status":"closed","template":"","meta":{"_et_pb_use_builder":"on","_et_pb_old_content":"","_et_gb_content_width":"","om_disable_all_campaigns":false,"_monsterinsights_skip_tracking":false,"_monsterinsights_sitenote_active":false,"_monsterinsights_sitenote_note":"","_monsterinsights_sitenote_category":0,"spay_email":""},"yoast_head":"<!-- This site is optimized with the Yoast SEO plugin v19.1 - https:\/\/yoast.com\/wordpress\/plugins\/seo\/ -->\n<title>Instalaciones - Huevos La Gallinuca<\/title>\n<meta name=\"robots\" content=\"index, follow, max-snippet:-1, max-image-preview:large, max-video-preview:-1\" \/>\n<link rel=\"canonical\" href=\"https:\/\/huevoslagallinuca.com\/index.php\/37-2\/\" \/>\n<meta property=\"og:locale\" content=\"en_US\" \/>\n<meta property=\"og:type\" content=\"article\" \/>\n<meta property=\"og:title\" content=\"Instalaciones - Huevos La Gallinuca\" \/>\n<meta property=\"og:description\" content=\"NUESTRA GRANJAInovamos continuamente nuestras instalaciones para adaptarnos a las nuevas notmativas para que nuestro producto cumpla siempre con tus espectativas: Calidad, sabor y natural.En HUEVOS LA GALLINUCA nos preocupamos por el bienestar de nuestras gallinas. Huevos la Gallinuca S.L es una empresa de nueva creaci\u00f3n, con gente joven a la cabeza y respaldada con personal [&hellip;]\" \/>\n<meta property=\"og:url\" content=\"https:\/\/huevoslagallinuca.com\/index.php\/37-2\/\" \/>\n<meta property=\"og:site_name\" content=\"Huevos La Gallinuca\" \/>\n<meta property=\"article:modified_time\" content=\"2022-08-02T11:20:36+00:00\" \/>\n<meta name=\"twitter:card\" content=\"summary_large_image\" \/>\n<meta name=\"twitter:label1\" content=\"Est. reading time\" \/>\n\t<meta name=\"twitter:data1\" content=\"10 minutes\" \/>\n<script type=\"application\/ld+json\" class=\"yoast-schema-graph\">{\"@context\":\"https:\/\/schema.org\",\"@graph\":[{\"@type\":\"WebSite\",\"@id\":\"https:\/\/huevoslagallinuca.com\/#website\",\"url\":\"https:\/\/huevoslagallinuca.com\/\",\"name\":\"Huevos La Gallinuca\",\"description\":\"Granja de Huevos Camperos \",\"potentialAction\":[{\"@type\":\"SearchAction\",\"target\":{\"@type\":\"EntryPoint\",\"urlTemplate\":\"https:\/\/huevoslagallinuca.com\/?s={search_term_string}\"},\"query-input\":\"required name=search_term_string\"}],\"inLanguage\":\"en-US\"},{\"@type\":\"WebPage\",\"@id\":\"https:\/\/huevoslagallinuca.com\/index.php\/37-2\/#webpage\",\"url\":\"https:\/\/huevoslagallinuca.com\/index.php\/37-2\/\",\"name\":\"Instalaciones - Huevos La Gallinuca\",\"isPartOf\":{\"@id\":\"https:\/\/huevoslagallinuca.com\/#website\"},\"datePublished\":\"2022-06-27T08:42:31+00:00\",\"dateModified\":\"2022-08-02T11:20:36+00:00\",\"breadcrumb\":{\"@id\":\"https:\/\/huevoslagallinuca.com\/index.php\/37-2\/#breadcrumb\"},\"inLanguage\":\"en-US\",\"potentialAction\":[{\"@type\":\"ReadAction\",\"target\":[\"https:\/\/huevoslagallinuca.com\/index.php\/37-2\/\"]}]},{\"@type\":\"BreadcrumbList\",\"@id\":\"https:\/\/huevoslagallinuca.com\/index.php\/37-2\/#breadcrumb\",\"itemListElement\":[{\"@type\":\"ListItem\",\"position\":1,\"name\":\"Portada\",\"item\":\"https:\/\/huevoslagallinuca.com\/\"},{\"@type\":\"ListItem\",\"position\":2,\"name\":\"Instalaciones\"}]}]}<\/script>\n<!-- \/ Yoast SEO plugin. -->","yoast_head_json":{"title":"Instalaciones - Huevos La Gallinuca","robots":{"index":"index","follow":"follow","max-snippet":"max-snippet:-1","max-image-preview":"max-image-preview:large","max-video-preview":"max-video-preview:-1"},"canonical":"https:\/\/huevoslagallinuca.com\/index.php\/37-2\/","og_locale":"en_US","og_type":"article","og_title":"Instalaciones - Huevos La Gallinuca","og_description":"NUESTRA GRANJAInovamos continuamente nuestras instalaciones para adaptarnos a las nuevas notmativas para que nuestro producto cumpla siempre con tus espectativas: Calidad, sabor y natural.En HUEVOS LA GALLINUCA nos preocupamos por el bienestar de nuestras gallinas. Huevos la Gallinuca S.L es una empresa de nueva creaci\u00f3n, con gente joven a la cabeza y respaldada con personal [&hellip;]","og_url":"https:\/\/huevoslagallinuca.com\/index.php\/37-2\/","og_site_name":"Huevos La Gallinuca","article_modified_time":"2022-08-02T11:20:36+00:00","twitter_card":"summary_large_image","twitter_misc":{"Est. reading time":"10 minutes"},"schema":{"@context":"https:\/\/schema.org","@graph":[{"@type":"WebSite","@id":"https:\/\/huevoslagallinuca.com\/#website","url":"https:\/\/huevoslagallinuca.com\/","name":"Huevos La Gallinuca","description":"Granja de Huevos Camperos ","potentialAction":[{"@type":"SearchAction","target":{"@type":"EntryPoint","urlTemplate":"https:\/\/huevoslagallinuca.com\/?s={search_term_string}"},"query-input":"required name=search_term_string"}],"inLanguage":"en-US"},{"@type":"WebPage","@id":"https:\/\/huevoslagallinuca.com\/index.php\/37-2\/#webpage","url":"https:\/\/huevoslagallinuca.com\/index.php\/37-2\/","name":"Instalaciones - Huevos La Gallinuca","isPartOf":{"@id":"https:\/\/huevoslagallinuca.com\/#website"},"datePublished":"2022-06-27T08:42:31+00:00","dateModified":"2022-08-02T11:20:36+00:00","breadcrumb":{"@id":"https:\/\/huevoslagallinuca.com\/index.php\/37-2\/#breadcrumb"},"inLanguage":"en-US","potentialAction":[{"@type":"ReadAction","target":["https:\/\/huevoslagallinuca.com\/index.php\/37-2\/"]}]},{"@type":"BreadcrumbList","@id":"https:\/\/huevoslagallinuca.com\/index.php\/37-2\/#breadcrumb","itemListElement":[{"@type":"ListItem","position":1,"name":"Portada","item":"https:\/\/huevoslagallinuca.com\/"},{"@type":"ListItem","position":2,"name":"Instalaciones"}]}]}},"_links":{"self":[{"href":"https:\/\/huevoslagallinuca.com\/index.php\/wp-json\/wp\/v2\/pages\/37"}],"collection":[{"href":"https:\/\/huevoslagallinuca.com\/index.php\/wp-json\/wp\/v2\/pages"}],"about":[{"href":"https:\/\/huevoslagallinuca.com\/index.php\/wp-json\/wp\/v2\/types\/page"}],"author":[{"embeddable":true,"href":"https:\/\/huevoslagallinuca.com\/index.php\/wp-json\/wp\/v2\/users\/1"}],"replies":[{"embeddable":true,"href":"https:\/\/huevoslagallinuca.com\/index.php\/wp-json\/wp\/v2\/comments?post=37"}],"version-history":[{"count":4,"href":"https:\/\/huevoslagallinuca.com\/index.php\/wp-json\/wp\/v2\/pages\/37\/revisions"}],"predecessor-version":[{"id":149,"href":"https:\/\/huevoslagallinuca.com\/index.php\/wp-json\/wp\/v2\/pages\/37\/revisions\/149"}],"wp:attachment":[{"href":"https:\/\/huevoslagallinuca.com\/index.php\/wp-json\/wp\/v2\/media?parent=37"}],"curies":[{"name":"wp","href":"https:\/\/api.w.org\/{rel}","templated":true}]}}