{"id":75,"date":"2022-06-27T10:03:57","date_gmt":"2022-06-27T10:03:57","guid":{"rendered":"https:\/\/huevoslagallinuca.com\/?page_id=75"},"modified":"2022-07-29T09:33:45","modified_gmt":"2022-07-29T09:33:45","slug":"aviso-legal","status":"publish","type":"page","link":"https:\/\/huevoslagallinuca.com\/index.php\/aviso-legal\/","title":{"rendered":"Aviso Legal"},"content":{"rendered":"<p>[et_pb_section fb_built=&#8221;1&#8243; _builder_version=&#8221;4.14.2&#8243; _module_preset=&#8221;default&#8221; global_colors_info=&#8221;{}&#8221;][et_pb_row _builder_version=&#8221;4.14.2&#8243; _module_preset=&#8221;default&#8221; global_colors_info=&#8221;{}&#8221;][et_pb_column type=&#8221;4_4&#8243; _builder_version=&#8221;4.14.2&#8243; _module_preset=&#8221;default&#8221; global_colors_info=&#8221;{}&#8221;][et_pb_text _builder_version=&#8221;4.14.2&#8243; _module_preset=&#8221;default&#8221; hover_enabled=&#8221;0&#8243; global_colors_info=&#8221;{}&#8221; sticky_enabled=&#8221;0&#8243;]<\/p>\n<h1>AVISO LEGAL<\/h1>\n<p>El presente Aviso Legal regula el acceso, navegaci\u00f3n y uso del sitio web\u00a0<strong><a href=\"https:\/\/lalumia.es\/\">https:\/\/huevoslagallinuca.com<\/a><\/strong>\u00a0(en adelante el Sitio Web).<\/p>\n<p>Las condiciones que se establecen en este Aviso Legal son de aplicaci\u00f3n supletoria en el caso de que la empresa estableciera condiciones particulares para el uso y\/o contrataci\u00f3n de servicios espec\u00edficos.<\/p>\n<p><strong>1.- DERECHO DE INFORMACI\u00d3N<\/strong><\/p>\n<p>En cumplimiento con el deber de informaci\u00f3n recogido en art\u00edculo 10 de la Ley 34\/2002, de 11 de Julio, de Servicios de la Sociedad de la Informaci\u00f3n y del Comercio Electr\u00f3nico, le informamos que el Sitio Web es titularidad de Huevos La Gallinuca S.L. en bario Ontanilla 18B, Ag\u00fcero, Marina de Cudeyo &#8211; 39719 Cantabria con tel\u00e9fono 656 77 28 82<\/p>\n<p>Usted puede ponerse en contacto con nosotros a trav\u00e9s de la siguiente direcci\u00f3n de correo electr\u00f3nico huevoslagallinuca@gmail.com<\/p>\n<p><strong>2.- USUARIOS<\/strong><\/p>\n<p>El acceso y\/o uso al Sitio Web le atribuye la condici\u00f3n de Usuario, y acepta, desde dicho acceso y\/o uso, el presente Aviso Legal.<\/p>\n<p><strong>3.- USO DEL SITIO WEB<\/strong><\/p>\n<p>El Sitio Web puede proporcionar acceso a multitud de textos, gr\u00e1ficos, dibujos, dise\u00f1os, c\u00f3digos, software, fotograf\u00edas, m\u00fasica, v\u00eddeos, sonidos, bases de datos, im\u00e1genes, expresiones e informaciones (en adelante, \u201cContenidos\u201d) pertenecientes a la empresa o a terceros a los que el Usuario puede tener acceso.<\/p>\n<p>El Usuario asume la responsabilidad del uso del Sitio Web. Dicha responsabilidad se extiende al registro que, en su caso, sea necesario para acceder a Contenidos o servicios que preste el Sitio Web.<\/p>\n<p>El Usuario se compromete a hacer un uso adecuado de los Contenidos y servicios ofrecidos a trav\u00e9s del Sitio Web y con car\u00e1cter enunciativo pero no limitativo, a no emplearlos para (I) incurrir en actividades il\u00edcitas, ilegales o contrarias a la buena fe y al orden p\u00fablico; (II) provocar da\u00f1os en los sistemas f\u00edsicos y l\u00f3gicos del titular del Sitio Web, de sus proveedores o de terceras personas, (III) introducir o difundir en la red virus inform\u00e1ticos o cualesquiera otros sistemas f\u00edsicos o l\u00f3gicos que sean susceptibles de provocar los da\u00f1os anteriormente mencionados.<\/p>\n<p><strong>4.- RESPONSABILIDAD Y GARANT\u00cdAS<\/strong><\/p>\n<p>Huevos La Gallinuca S.L. declara que ha adoptado las medidas necesarias que, dentro de sus posibilidades y el estado de la tecnolog\u00eda, permitan el correcto funcionamiento de su sitio Web as\u00ed como la ausencia de virus y componentes da\u00f1inos. Sin embargo, no puede hacerse responsable de: (a) la continuidad y disponibilidad de los contenidos y servicios; (b) la ausencia de errores en dichos contenidos ni la correcci\u00f3n de cualquier defecto que pudiera ocurrir; (c) la ausencia de virus y\/o dem\u00e1s componentes da\u00f1inos; (d) los da\u00f1os o perjuicios que cause cualquier persona que vulnere los sistemas de seguridad de La Lumia.<\/p>\n<p>El sitio WEB podr\u00e1 suspender temporalmente y sin previo aviso, la accesibilidad al sitio Web con motivo de operaciones de mantenimiento, reparaci\u00f3n, actualizaci\u00f3n o mejora.<\/p>\n<p>El sitio WEB no asume ninguna responsabilidad sobre los enlaces a otras p\u00e1ginas web que se encuentren en el sitio Web, pudiendo llevar al Usuario a otros sitios web sobre los que el sitio WEB no tiene ning\u00fan tipo de control, por lo que el Usuario accede bajo su exclusiva responsabilidad al contenido y en las condiciones de uso que rijan en los mismos.<\/p>\n<p>El sitio WEB no se responsabiliza del uso que los usuarios puedan hacer de los Contenidos y servicios incluidos en el sitio WEB. En consecuencia, no garantiza que el uso que los usuarios puedan hacer de los contenidos y servicios que en su caso se incluyan en el sitio Web, se ajusten al presente Aviso Legal, ni que lo hagan de forma diligente.<\/p>\n<p><strong>5.- DURACI\u00d3N Y MODIFICACI\u00d3N<\/strong><\/p>\n<p>Las condiciones del presente Aviso Legal estar\u00e1n vigentes hasta que sean modificadas, pudiendo el sitio WEB efectuar estos cambios sin previo aviso, por lo que recomienda al Usuario leer estas condiciones atentamente cada vez que acceda al sitio web.<\/p>\n<p>El sitio WEB podr\u00e1 suprimir, a\u00f1adir o cambiar tanto los contenidos como los servicios que presta, as\u00ed como tambi\u00e9n la forma en la que los mismos aparezcan localizados o presentados. Se entienden como vigentes, las condiciones que est\u00e9n publicadas en el momento en el que el usuario acceda al sitio Web.<\/p>\n<p>El acceso y\/o el uso del sitio Web se entender\u00e1n como una aceptaci\u00f3n por parte del usuario de las condiciones del presente Aviso Legal y, en su caso, los cambios efectuados en las mismas.<\/p>\n<p>[\/et_pb_text][\/et_pb_column][\/et_pb_row][\/et_pb_section]<\/p>\n","protected":false},"excerpt":{"rendered":"<p>AVISO LEGAL El presente Aviso Legal regula el acceso, navegaci\u00f3n y uso del sitio web\u00a0https:\/\/huevoslagallinuca.com\u00a0(en adelante el Sitio Web). Las condiciones que se establecen en este Aviso Legal son de aplicaci\u00f3n supletoria en el caso de que la empresa estableciera condiciones particulares para el uso y\/o contrataci\u00f3n de servicios espec\u00edficos. 1.- DERECHO DE INFORMACI\u00d3N En [&hellip;]<\/p>\n","protected":false},"author":1,"featured_media":0,"parent":0,"menu_order":0,"comment_status":"closed","ping_status":"closed","template":"","meta":{"_et_pb_use_builder":"on","_et_pb_old_content":"","_et_gb_content_width":"","om_disable_all_campaigns":false,"_monsterinsights_skip_tracking":false,"_monsterinsights_sitenote_active":false,"_monsterinsights_sitenote_note":"","_monsterinsights_sitenote_category":0,"spay_email":""},"yoast_head":"<!-- This site is optimized with the Yoast SEO plugin v19.1 - https:\/\/yoast.com\/wordpress\/plugins\/seo\/ -->\n<title>Aviso Legal - Huevos La Gallinuca<\/title>\n<meta name=\"robots\" content=\"index, follow, max-snippet:-1, max-image-preview:large, max-video-preview:-1\" \/>\n<link rel=\"canonical\" href=\"https:\/\/huevoslagallinuca.com\/index.php\/aviso-legal\/\" \/>\n<meta property=\"og:locale\" content=\"en_US\" \/>\n<meta property=\"og:type\" content=\"article\" \/>\n<meta property=\"og:title\" content=\"Aviso Legal - Huevos La Gallinuca\" \/>\n<meta property=\"og:description\" content=\"AVISO LEGAL El presente Aviso Legal regula el acceso, navegaci\u00f3n y uso del sitio web\u00a0https:\/\/huevoslagallinuca.com\u00a0(en adelante el Sitio Web). Las condiciones que se establecen en este Aviso Legal son de aplicaci\u00f3n supletoria en el caso de que la empresa estableciera condiciones particulares para el uso y\/o contrataci\u00f3n de servicios espec\u00edficos. 1.- DERECHO DE INFORMACI\u00d3N En [&hellip;]\" \/>\n<meta property=\"og:url\" content=\"https:\/\/huevoslagallinuca.com\/index.php\/aviso-legal\/\" \/>\n<meta property=\"og:site_name\" content=\"Huevos La Gallinuca\" \/>\n<meta property=\"article:modified_time\" content=\"2022-07-29T09:33:45+00:00\" \/>\n<meta name=\"twitter:card\" content=\"summary_large_image\" \/>\n<script type=\"application\/ld+json\" class=\"yoast-schema-graph\">{\"@context\":\"https:\/\/schema.org\",\"@graph\":[{\"@type\":\"WebSite\",\"@id\":\"https:\/\/huevoslagallinuca.com\/#website\",\"url\":\"https:\/\/huevoslagallinuca.com\/\",\"name\":\"Huevos La Gallinuca\",\"description\":\"Granja de Huevos Camperos \",\"potentialAction\":[{\"@type\":\"SearchAction\",\"target\":{\"@type\":\"EntryPoint\",\"urlTemplate\":\"https:\/\/huevoslagallinuca.com\/?s={search_term_string}\"},\"query-input\":\"required name=search_term_string\"}],\"inLanguage\":\"en-US\"},{\"@type\":\"WebPage\",\"@id\":\"https:\/\/huevoslagallinuca.com\/index.php\/aviso-legal\/#webpage\",\"url\":\"https:\/\/huevoslagallinuca.com\/index.php\/aviso-legal\/\",\"name\":\"Aviso Legal - Huevos La Gallinuca\",\"isPartOf\":{\"@id\":\"https:\/\/huevoslagallinuca.com\/#website\"},\"datePublished\":\"2022-06-27T10:03:57+00:00\",\"dateModified\":\"2022-07-29T09:33:45+00:00\",\"breadcrumb\":{\"@id\":\"https:\/\/huevoslagallinuca.com\/index.php\/aviso-legal\/#breadcrumb\"},\"inLanguage\":\"en-US\",\"potentialAction\":[{\"@type\":\"ReadAction\",\"target\":[\"https:\/\/huevoslagallinuca.com\/index.php\/aviso-legal\/\"]}]},{\"@type\":\"BreadcrumbList\",\"@id\":\"https:\/\/huevoslagallinuca.com\/index.php\/aviso-legal\/#breadcrumb\",\"itemListElement\":[{\"@type\":\"ListItem\",\"position\":1,\"name\":\"Portada\",\"item\":\"https:\/\/huevoslagallinuca.com\/\"},{\"@type\":\"ListItem\",\"position\":2,\"name\":\"Aviso Legal\"}]}]}<\/script>\n<!-- \/ Yoast SEO plugin. -->","yoast_head_json":{"title":"Aviso Legal - Huevos La Gallinuca","robots":{"index":"index","follow":"follow","max-snippet":"max-snippet:-1","max-image-preview":"max-image-preview:large","max-video-preview":"max-video-preview:-1"},"canonical":"https:\/\/huevoslagallinuca.com\/index.php\/aviso-legal\/","og_locale":"en_US","og_type":"article","og_title":"Aviso Legal - Huevos La Gallinuca","og_description":"AVISO LEGAL El presente Aviso Legal regula el acceso, navegaci\u00f3n y uso del sitio web\u00a0https:\/\/huevoslagallinuca.com\u00a0(en adelante el Sitio Web). Las condiciones que se establecen en este Aviso Legal son de aplicaci\u00f3n supletoria en el caso de que la empresa estableciera condiciones particulares para el uso y\/o contrataci\u00f3n de servicios espec\u00edficos. 1.- DERECHO DE INFORMACI\u00d3N En [&hellip;]","og_url":"https:\/\/huevoslagallinuca.com\/index.php\/aviso-legal\/","og_site_name":"Huevos La Gallinuca","article_modified_time":"2022-07-29T09:33:45+00:00","twitter_card":"summary_large_image","schema":{"@context":"https:\/\/schema.org","@graph":[{"@type":"WebSite","@id":"https:\/\/huevoslagallinuca.com\/#website","url":"https:\/\/huevoslagallinuca.com\/","name":"Huevos La Gallinuca","description":"Granja de Huevos Camperos ","potentialAction":[{"@type":"SearchAction","target":{"@type":"EntryPoint","urlTemplate":"https:\/\/huevoslagallinuca.com\/?s={search_term_string}"},"query-input":"required name=search_term_string"}],"inLanguage":"en-US"},{"@type":"WebPage","@id":"https:\/\/huevoslagallinuca.com\/index.php\/aviso-legal\/#webpage","url":"https:\/\/huevoslagallinuca.com\/index.php\/aviso-legal\/","name":"Aviso Legal - Huevos La Gallinuca","isPartOf":{"@id":"https:\/\/huevoslagallinuca.com\/#website"},"datePublished":"2022-06-27T10:03:57+00:00","dateModified":"2022-07-29T09:33:45+00:00","breadcrumb":{"@id":"https:\/\/huevoslagallinuca.com\/index.php\/aviso-legal\/#breadcrumb"},"inLanguage":"en-US","potentialAction":[{"@type":"ReadAction","target":["https:\/\/huevoslagallinuca.com\/index.php\/aviso-legal\/"]}]},{"@type":"BreadcrumbList","@id":"https:\/\/huevoslagallinuca.com\/index.php\/aviso-legal\/#breadcrumb","itemListElement":[{"@type":"ListItem","position":1,"name":"Portada","item":"https:\/\/huevoslagallinuca.com\/"},{"@type":"ListItem","position":2,"name":"Aviso Legal"}]}]}},"_links":{"self":[{"href":"https:\/\/huevoslagallinuca.com\/index.php\/wp-json\/wp\/v2\/pages\/75"}],"collection":[{"href":"https:\/\/huevoslagallinuca.com\/index.php\/wp-json\/wp\/v2\/pages"}],"about":[{"href":"https:\/\/huevoslagallinuca.com\/index.php\/wp-json\/wp\/v2\/types\/page"}],"author":[{"embeddable":true,"href":"https:\/\/huevoslagallinuca.com\/index.php\/wp-json\/wp\/v2\/users\/1"}],"replies":[{"embeddable":true,"href":"https:\/\/huevoslagallinuca.com\/index.php\/wp-json\/wp\/v2\/comments?post=75"}],"version-history":[{"count":3,"href":"https:\/\/huevoslagallinuca.com\/index.php\/wp-json\/wp\/v2\/pages\/75\/revisions"}],"predecessor-version":[{"id":131,"href":"https:\/\/huevoslagallinuca.com\/index.php\/wp-json\/wp\/v2\/pages\/75\/revisions\/131"}],"wp:attachment":[{"href":"https:\/\/huevoslagallinuca.com\/index.php\/wp-json\/wp\/v2\/media?parent=75"}],"curies":[{"name":"wp","href":"https:\/\/api.w.org\/{rel}","templated":true}]}}