{"id":77,"date":"2022-06-27T10:11:56","date_gmt":"2022-06-27T10:11:56","guid":{"rendered":"https:\/\/huevoslagallinuca.com\/?page_id=77"},"modified":"2022-06-28T08:44:45","modified_gmt":"2022-06-28T08:44:45","slug":"politica-de-privacidad","status":"publish","type":"page","link":"https:\/\/huevoslagallinuca.com\/index.php\/politica-de-privacidad\/","title":{"rendered":"Pol\u00edtica de Privacidad"},"content":{"rendered":"<p>[et_pb_section fb_built=&#8221;1&#8243; theme_builder_area=&#8221;post_content&#8221; _builder_version=&#8221;4.14.2&#8243; _module_preset=&#8221;default&#8221;][et_pb_row _builder_version=&#8221;4.14.2&#8243; _module_preset=&#8221;default&#8221; theme_builder_area=&#8221;post_content&#8221;][et_pb_column _builder_version=&#8221;4.14.2&#8243; _module_preset=&#8221;default&#8221; type=&#8221;4_4&#8243; theme_builder_area=&#8221;post_content&#8221;][et_pb_text _builder_version=&#8221;4.14.2&#8243; _module_preset=&#8221;default&#8221; theme_builder_area=&#8221;post_content&#8221; hover_enabled=&#8221;0&#8243; sticky_enabled=&#8221;0&#8243;]<\/p>\n<header class=\"page-header\">\n<h1 class=\"entry-title\">Pol\u00edtica de Privacidad<\/h1>\n<\/header>\n<div class=\"page-content\">\n<p>A los efectos previstos en la ley org\u00e1nica 15\/1999 , de 13 de diciembre , sobre protecci\u00f3n de datos de car\u00e1cter personal , se le informa que los datos personales proporcionados se incorporan a los ficheros de www.huevoslagallinuca.com. La finalidad del tratamiento de dichos datos ser\u00e1 la de la gesti\u00f3n de estos para que el cliente\/usuario le permita acceder al formulario de contacto de la p\u00e1gina web de la entidad.<\/p>\n<p>Los datos personales solicitados por www.huevoslagallinuca.com en este documento son de car\u00e1cter obligatorio, por lo que no cumplir con lo dicho supone la imposibilidad de su inclusi\u00f3n en los ficheros antes descritos y de cumplir con la finalidad definida en el anterior p\u00e1rrafo.<\/p>\n<p>El cliente\/usuario tiene derecho al acceso, rectificaci\u00f3n, cancelaci\u00f3n y oposici\u00f3n en los t\u00e9rminos previstos por la ley , que podr\u00e1 ejercitar mediante escrito dirigido al responsable de los mismos en esta direcci\u00f3n www.huevoslagallinuca.com<\/p>\n<\/div>\n<p>[\/et_pb_text][\/et_pb_column][\/et_pb_row][\/et_pb_section]<\/p>\n","protected":false},"excerpt":{"rendered":"<p>Pol\u00edtica de Privacidad A los efectos previstos en la ley org\u00e1nica 15\/1999 , de 13 de diciembre , sobre protecci\u00f3n de datos de car\u00e1cter personal , se le informa que los datos personales proporcionados se incorporan a los ficheros de www.huevoslagallinuca.com. La finalidad del tratamiento de dichos datos ser\u00e1 la de la gesti\u00f3n de estos [&hellip;]<\/p>\n","protected":false},"author":1,"featured_media":0,"parent":0,"menu_order":0,"comment_status":"closed","ping_status":"closed","template":"","meta":{"_et_pb_use_builder":"on","_et_pb_old_content":"<!-- wp:divi\/placeholder \/-->","_et_gb_content_width":"","om_disable_all_campaigns":false,"_monsterinsights_skip_tracking":false,"_monsterinsights_sitenote_active":false,"_monsterinsights_sitenote_note":"","_monsterinsights_sitenote_category":0,"spay_email":""},"yoast_head":"<!-- This site is optimized with the Yoast SEO plugin v19.1 - https:\/\/yoast.com\/wordpress\/plugins\/seo\/ -->\n<title>Pol\u00edtica de Privacidad - Huevos La Gallinuca<\/title>\n<meta name=\"robots\" content=\"index, follow, max-snippet:-1, max-image-preview:large, max-video-preview:-1\" \/>\n<link rel=\"canonical\" href=\"https:\/\/huevoslagallinuca.com\/index.php\/politica-de-privacidad\/\" \/>\n<meta property=\"og:locale\" content=\"en_US\" \/>\n<meta property=\"og:type\" content=\"article\" \/>\n<meta property=\"og:title\" content=\"Pol\u00edtica de Privacidad - Huevos La Gallinuca\" \/>\n<meta property=\"og:description\" content=\"Pol\u00edtica de Privacidad A los efectos previstos en la ley org\u00e1nica 15\/1999 , de 13 de diciembre , sobre protecci\u00f3n de datos de car\u00e1cter personal , se le informa que los datos personales proporcionados se incorporan a los ficheros de www.huevoslagallinuca.com. La finalidad del tratamiento de dichos datos ser\u00e1 la de la gesti\u00f3n de estos [&hellip;]\" \/>\n<meta property=\"og:url\" content=\"https:\/\/huevoslagallinuca.com\/index.php\/politica-de-privacidad\/\" \/>\n<meta property=\"og:site_name\" content=\"Huevos La Gallinuca\" \/>\n<meta property=\"article:modified_time\" content=\"2022-06-28T08:44:45+00:00\" \/>\n<meta name=\"twitter:card\" content=\"summary_large_image\" \/>\n<script type=\"application\/ld+json\" class=\"yoast-schema-graph\">{\"@context\":\"https:\/\/schema.org\",\"@graph\":[{\"@type\":\"WebSite\",\"@id\":\"https:\/\/huevoslagallinuca.com\/#website\",\"url\":\"https:\/\/huevoslagallinuca.com\/\",\"name\":\"Huevos La Gallinuca\",\"description\":\"Granja de Huevos Camperos \",\"potentialAction\":[{\"@type\":\"SearchAction\",\"target\":{\"@type\":\"EntryPoint\",\"urlTemplate\":\"https:\/\/huevoslagallinuca.com\/?s={search_term_string}\"},\"query-input\":\"required name=search_term_string\"}],\"inLanguage\":\"en-US\"},{\"@type\":\"WebPage\",\"@id\":\"https:\/\/huevoslagallinuca.com\/index.php\/politica-de-privacidad\/#webpage\",\"url\":\"https:\/\/huevoslagallinuca.com\/index.php\/politica-de-privacidad\/\",\"name\":\"Pol\u00edtica de Privacidad - Huevos La Gallinuca\",\"isPartOf\":{\"@id\":\"https:\/\/huevoslagallinuca.com\/#website\"},\"datePublished\":\"2022-06-27T10:11:56+00:00\",\"dateModified\":\"2022-06-28T08:44:45+00:00\",\"breadcrumb\":{\"@id\":\"https:\/\/huevoslagallinuca.com\/index.php\/politica-de-privacidad\/#breadcrumb\"},\"inLanguage\":\"en-US\",\"potentialAction\":[{\"@type\":\"ReadAction\",\"target\":[\"https:\/\/huevoslagallinuca.com\/index.php\/politica-de-privacidad\/\"]}]},{\"@type\":\"BreadcrumbList\",\"@id\":\"https:\/\/huevoslagallinuca.com\/index.php\/politica-de-privacidad\/#breadcrumb\",\"itemListElement\":[{\"@type\":\"ListItem\",\"position\":1,\"name\":\"Portada\",\"item\":\"https:\/\/huevoslagallinuca.com\/\"},{\"@type\":\"ListItem\",\"position\":2,\"name\":\"Pol\u00edtica de Privacidad\"}]}]}<\/script>\n<!-- \/ Yoast SEO plugin. -->","yoast_head_json":{"title":"Pol\u00edtica de Privacidad - Huevos La Gallinuca","robots":{"index":"index","follow":"follow","max-snippet":"max-snippet:-1","max-image-preview":"max-image-preview:large","max-video-preview":"max-video-preview:-1"},"canonical":"https:\/\/huevoslagallinuca.com\/index.php\/politica-de-privacidad\/","og_locale":"en_US","og_type":"article","og_title":"Pol\u00edtica de Privacidad - Huevos La Gallinuca","og_description":"Pol\u00edtica de Privacidad A los efectos previstos en la ley org\u00e1nica 15\/1999 , de 13 de diciembre , sobre protecci\u00f3n de datos de car\u00e1cter personal , se le informa que los datos personales proporcionados se incorporan a los ficheros de www.huevoslagallinuca.com. La finalidad del tratamiento de dichos datos ser\u00e1 la de la gesti\u00f3n de estos [&hellip;]","og_url":"https:\/\/huevoslagallinuca.com\/index.php\/politica-de-privacidad\/","og_site_name":"Huevos La Gallinuca","article_modified_time":"2022-06-28T08:44:45+00:00","twitter_card":"summary_large_image","schema":{"@context":"https:\/\/schema.org","@graph":[{"@type":"WebSite","@id":"https:\/\/huevoslagallinuca.com\/#website","url":"https:\/\/huevoslagallinuca.com\/","name":"Huevos La Gallinuca","description":"Granja de Huevos Camperos ","potentialAction":[{"@type":"SearchAction","target":{"@type":"EntryPoint","urlTemplate":"https:\/\/huevoslagallinuca.com\/?s={search_term_string}"},"query-input":"required name=search_term_string"}],"inLanguage":"en-US"},{"@type":"WebPage","@id":"https:\/\/huevoslagallinuca.com\/index.php\/politica-de-privacidad\/#webpage","url":"https:\/\/huevoslagallinuca.com\/index.php\/politica-de-privacidad\/","name":"Pol\u00edtica de Privacidad - Huevos La Gallinuca","isPartOf":{"@id":"https:\/\/huevoslagallinuca.com\/#website"},"datePublished":"2022-06-27T10:11:56+00:00","dateModified":"2022-06-28T08:44:45+00:00","breadcrumb":{"@id":"https:\/\/huevoslagallinuca.com\/index.php\/politica-de-privacidad\/#breadcrumb"},"inLanguage":"en-US","potentialAction":[{"@type":"ReadAction","target":["https:\/\/huevoslagallinuca.com\/index.php\/politica-de-privacidad\/"]}]},{"@type":"BreadcrumbList","@id":"https:\/\/huevoslagallinuca.com\/index.php\/politica-de-privacidad\/#breadcrumb","itemListElement":[{"@type":"ListItem","position":1,"name":"Portada","item":"https:\/\/huevoslagallinuca.com\/"},{"@type":"ListItem","position":2,"name":"Pol\u00edtica de Privacidad"}]}]}},"_links":{"self":[{"href":"https:\/\/huevoslagallinuca.com\/index.php\/wp-json\/wp\/v2\/pages\/77"}],"collection":[{"href":"https:\/\/huevoslagallinuca.com\/index.php\/wp-json\/wp\/v2\/pages"}],"about":[{"href":"https:\/\/huevoslagallinuca.com\/index.php\/wp-json\/wp\/v2\/types\/page"}],"author":[{"embeddable":true,"href":"https:\/\/huevoslagallinuca.com\/index.php\/wp-json\/wp\/v2\/users\/1"}],"replies":[{"embeddable":true,"href":"https:\/\/huevoslagallinuca.com\/index.php\/wp-json\/wp\/v2\/comments?post=77"}],"version-history":[{"count":3,"href":"https:\/\/huevoslagallinuca.com\/index.php\/wp-json\/wp\/v2\/pages\/77\/revisions"}],"predecessor-version":[{"id":116,"href":"https:\/\/huevoslagallinuca.com\/index.php\/wp-json\/wp\/v2\/pages\/77\/revisions\/116"}],"wp:attachment":[{"href":"https:\/\/huevoslagallinuca.com\/index.php\/wp-json\/wp\/v2\/media?parent=77"}],"curies":[{"name":"wp","href":"https:\/\/api.w.org\/{rel}","templated":true}]}}